{"id":1666,"date":"2025-01-14T09:22:44","date_gmt":"2025-01-14T09:22:44","guid":{"rendered":"https:\/\/myindustrie.dz\/?post_type=product&#038;p=1666"},"modified":"2025-01-14T09:22:44","modified_gmt":"2025-01-14T09:22:44","slug":"6av2123-2db03-0ax0-siemens","status":"publish","type":"product","link":"https:\/\/myindustrie.dz\/index.php\/produit\/6av2123-2db03-0ax0-siemens\/","title":{"rendered":"6AV2123-2DB03-0AX0 Siemens"},"content":{"rendered":"SIMATIC HMI, KTP400 Basic, Basic Panel, commande par touches\/tactile, \u00e9cran TFT 4&Prime;, 65536 couleurs, interface PROFINET, configurable \u00e0 partir de WinCC Basic V13\/ STEP 7 Basic V13, contient un logiciel en open source, qui est c\u00e9d\u00e9 \u00e0 titre gratuit voir CD joint <a href=\"https:\/\/mall.industry.siemens.com\/mall\/fr\/FR\/Catalog\/Product\/?mlfb=6AV2123-2DB03-0AX0&amp;SiepCountryCode=FR\">Data Sheet PDF<\/a>","protected":false},"excerpt":{"rendered":"<p>SIMATIC HMI, KTP400 Basic<\/p>\n","protected":false},"featured_media":1667,"template":"","meta":[],"product_cat":[59],"product_tag":[],"_links":{"self":[{"href":"https:\/\/myindustrie.dz\/index.php\/wp-json\/wp\/v2\/product\/1666"}],"collection":[{"href":"https:\/\/myindustrie.dz\/index.php\/wp-json\/wp\/v2\/product"}],"about":[{"href":"https:\/\/myindustrie.dz\/index.php\/wp-json\/wp\/v2\/types\/product"}],"version-history":[{"count":1,"href":"https:\/\/myindustrie.dz\/index.php\/wp-json\/wp\/v2\/product\/1666\/revisions"}],"predecessor-version":[{"id":1668,"href":"https:\/\/myindustrie.dz\/index.php\/wp-json\/wp\/v2\/product\/1666\/revisions\/1668"}],"wp:featuredmedia":[{"embeddable":true,"href":"https:\/\/myindustrie.dz\/index.php\/wp-json\/wp\/v2\/media\/1667"}],"wp:attachment":[{"href":"https:\/\/myindustrie.dz\/index.php\/wp-json\/wp\/v2\/media?parent=1666"}],"wp:term":[{"taxonomy":"product_cat","embeddable":true,"href":"https:\/\/myindustrie.dz\/index.php\/wp-json\/wp\/v2\/product_cat?post=1666"},{"taxonomy":"product_tag","embeddable":true,"href":"https:\/\/myindustrie.dz\/index.php\/wp-json\/wp\/v2\/product_tag?post=1666"}],"curies":[{"name":"wp","href":"https:\/\/api.w.org\/{rel}","templated":true}]}}